{"id":15,"date":"2023-02-11T09:48:59","date_gmt":"2023-02-11T09:48:59","guid":{"rendered":"http:\/\/localhost:8080\/cameradinhvi\/?page_id=15"},"modified":"2026-04-21T12:55:31","modified_gmt":"2026-04-21T12:55:31","slug":"15-2","status":"publish","type":"page","link":"https:\/\/vattunongnghiepleut.com\/?page_id=15","title":{"rendered":"Li\u00ean h\u1ec7"},"content":{"rendered":"<p data-start=\"0\" data-end=\"75\">\ud83d\udcde <strong data-start=\"3\" data-end=\"70\">LI\u00caN H\u1ec6 V\u1eacT T\u01af N\u00d4NG NGHI\u1ec6P L\u00ca \u00daT \u2013 T\u01af V\u1ea4N NHANH, H\u1ed6 TR\u1ee2 T\u1eacN T\u00c2M<\/strong> \ud83d\udcde<\/p>\n<p data-start=\"77\" data-end=\"299\">B\u1ea1n \u0111ang c\u1ea7n t\u00ecm gi\u1ea3i ph\u00e1p hi\u1ec7u qu\u1ea3 cho c\u00e2y tr\u1ed3ng, x\u1eed l\u00fd s\u00e2u b\u1ec7nh, t\u0103ng n\u0103ng su\u1ea5t hay c\u1ea3i thi\u1ec7n ch\u1ea5t l\u01b0\u1ee3ng n\u00f4ng s\u1ea3n?<br data-start=\"193\" data-end=\"196\" \/>\u0110\u1eebng ng\u1ea7n ng\u1ea1i li\u00ean h\u1ec7 ngay v\u1edbi <strong data-start=\"228\" data-end=\"256\">V\u1eadt T\u01b0 N\u00f4ng Nghi\u1ec7p L\u00ea \u00dat<\/strong> \u0111\u1ec3 \u0111\u01b0\u1ee3c h\u1ed7 tr\u1ee3 nhanh ch\u00f3ng v\u00e0 ch\u00ednh x\u00e1c.<\/p>\n<p data-start=\"301\" data-end=\"532\">\ud83c\udf31 Ch\u00fang t\u00f4i lu\u00f4n s\u1eb5n s\u00e0ng<br data-start=\"327\" data-end=\"330\" \/>\u2714\ufe0f T\u01b0 v\u1ea5n k\u1ef9 thu\u1eadt theo t\u1eebng lo\u1ea1i c\u00e2y tr\u1ed3ng<br data-start=\"373\" data-end=\"376\" \/>\u2714\ufe0f H\u01b0\u1edbng d\u1eabn s\u1eed d\u1ee5ng s\u1ea3n ph\u1ea9m \u0111\u00fang li\u1ec1u, \u0111\u00fang giai \u0111o\u1ea1n<br data-start=\"431\" data-end=\"434\" \/>\u2714\ufe0f H\u1ed7 tr\u1ee3 x\u1eed l\u00fd s\u00e2u b\u1ec7nh, c\u1ea3i t\u1ea1o \u0111\u1ea5t, ph\u1ee5c h\u1ed3i c\u00e2y<br data-start=\"485\" data-end=\"488\" \/>\u2714\ufe0f \u0110\u1ed3ng h\u00e0nh c\u00f9ng b\u00e0 con trong su\u1ed1t m\u00f9a v\u1ee5<\/p>\n<p data-start=\"534\" data-end=\"696\">\ud83e\udd1d V\u1edbi kinh nghi\u1ec7m th\u1ef1c t\u1ebf v\u00e0 s\u1ef1 t\u1eadn t\u00e2m, V\u1eadt T\u01b0 N\u00f4ng Nghi\u1ec7p L\u00ea \u00dat cam k\u1ebft mang \u0111\u1ebfn gi\u1ea3i ph\u00e1p ph\u00f9 h\u1ee3p, gi\u00fap b\u00e0 con y\u00ean t\u00e2m s\u1ea3n xu\u1ea5t v\u00e0 n\u00e2ng cao hi\u1ec7u qu\u1ea3 kinh t\u1ebf<\/p>\n<p data-start=\"698\" data-end=\"777\">\ud83d\udccd <strong data-start=\"701\" data-end=\"713\">\u0110\u1ecba ch\u1ec9:<\/strong> Tr\u00e0m Chim, Tam N\u00f4ng, \u0110\u1ed3ng Th\u00e1p<br data-start=\"744\" data-end=\"747\" \/>\ud83d\udcde <strong data-start=\"750\" data-end=\"762\">Hotline:<\/strong> 0967.640.767<\/p>\n<p data-start=\"779\" data-end=\"839\">\ud83d\ude80 <strong data-start=\"782\" data-end=\"837\">Ch\u1ec9 c\u1ea7n g\u1ecdi \u2013 c\u00f3 ngay gi\u1ea3i ph\u00e1p cho v\u01b0\u1eddn, cho ru\u1ed9ng<\/strong><\/p>\n<p data-start=\"841\" data-end=\"904\" data-is-last-node=\"\" data-is-only-node=\"\">#vattunongnghiepleut<br data-start=\"861\" data-end=\"864\" \/>#kythuatnongnghiepleut<br data-start=\"886\" data-end=\"889\" \/>#nongnghiepxanh<\/p>\n","protected":false},"excerpt":{"rendered":"<p>\ud83d\udcde LI\u00caN H\u1ec6 V\u1eacT T\u01af N\u00d4NG NGHI\u1ec6P L\u00ca \u00daT \u2013 T\u01af V\u1ea4N NHANH, H\u1ed6 TR\u1ee2 T\u1eacN T\u00c2M \ud83d\udcde B\u1ea1n \u0111ang c\u1ea7n t\u00ecm gi\u1ea3i ph\u00e1p hi\u1ec7u qu\u1ea3 cho c\u00e2y tr\u1ed3ng, x\u1eed l\u00fd s\u00e2u b\u1ec7nh, t\u0103ng n\u0103ng su\u1ea5t hay c\u1ea3i thi\u1ec7n ch\u1ea5t l\u01b0\u1ee3ng n\u00f4ng s\u1ea3n?\u0110\u1eebng ng\u1ea7n ng\u1ea1i li\u00ean h\u1ec7 ngay v\u1edbi V\u1eadt T\u01b0 N\u00f4ng Nghi\u1ec7p L\u00ea \u00dat&#8230;<\/p>\n","protected":false},"author":2,"featured_media":0,"parent":0,"menu_order":0,"comment_status":"closed","ping_status":"closed","template":"","meta":{"footnotes":""},"class_list":["post-15","page","type-page","status-publish","hentry"],"_links":{"self":[{"href":"https:\/\/vattunongnghiepleut.com\/index.php?rest_route=\/wp\/v2\/pages\/15","targetHints":{"allow":["GET"]}}],"collection":[{"href":"https:\/\/vattunongnghiepleut.com\/index.php?rest_route=\/wp\/v2\/pages"}],"about":[{"href":"https:\/\/vattunongnghiepleut.com\/index.php?rest_route=\/wp\/v2\/types\/page"}],"author":[{"embeddable":true,"href":"https:\/\/vattunongnghiepleut.com\/index.php?rest_route=\/wp\/v2\/users\/2"}],"replies":[{"embeddable":true,"href":"https:\/\/vattunongnghiepleut.com\/index.php?rest_route=%2Fwp%2Fv2%2Fcomments&post=15"}],"version-history":[{"count":5,"href":"https:\/\/vattunongnghiepleut.com\/index.php?rest_route=\/wp\/v2\/pages\/15\/revisions"}],"predecessor-version":[{"id":1393,"href":"https:\/\/vattunongnghiepleut.com\/index.php?rest_route=\/wp\/v2\/pages\/15\/revisions\/1393"}],"wp:attachment":[{"href":"https:\/\/vattunongnghiepleut.com\/index.php?rest_route=%2Fwp%2Fv2%2Fmedia&parent=15"}],"curies":[{"name":"wp","href":"https:\/\/api.w.org\/{rel}","templated":true}]}}